{"id":5589,"date":"2024-01-17T07:50:25","date_gmt":"2024-01-17T07:50:25","guid":{"rendered":"https:\/\/bovis-properties.e-vcomk.com\/informazioni-legali\/"},"modified":"2024-01-17T07:50:25","modified_gmt":"2024-01-17T07:50:25","slug":"informazioni-legali","status":"publish","type":"page","link":"https:\/\/bovis-properties.e-vcomk.com\/it\/informazioni-legali\/","title":{"rendered":"Informazioni legali"},"content":{"rendered":"<h2>AGENCE GENERALE BOVIS<\/h2>\n<p><strong>Indirizzi<\/strong>: Pl. Georges Cl\u00e9menceau, 06310 Beaulieu-sur-Mer \/ 1 Avenue Foch, 06310 BEAULIEU sur MER<br \/>\n<strong>Tel<\/strong>: <a href=\"tel:33(0)493010036\">+33 (0)4 93 01 00 36<\/a><\/p>\n<p>Il sito \u00e8 stato creato da VCOMK, Agence Conseil en Communication \u00e0 Nice 5 Avenue Santa-Fior &#8211; 06100 Nice &#8211; <a href=\"https:\/\/www.vcomk.com\">www.vcomk.com<\/a><\/p>\n<h3>Propriet\u00e0 intellettuale<\/h3>\n<p>Tutti gli elementi che compongono lo scheletro del sito (foto, immagini, loghi, animazioni flash\u00ae, elementi modellati, ecc.), cos\u00ec come gli elementi tecnologici (creazioni software, back-office amministrativo, servizi offerti, ecc.) sono protetti dal diritto d&#8217;autore e sono di propriet\u00e0 esclusiva dei rispettivi autori, salvo i casi limitati di cessione totale o parziale dei diritti a AGENCE GENERALE BOVIS.<\/p>\n<p>I contenuti del sito (testi, articoli, ecc.) sono di propriet\u00e0 esclusiva dei loro autori e non possono essere riprodotti o utilizzati senza il loro consenso. L&#8217;AGENCE GENERALE BOVIS autorizza esclusivamente la riproduzione di estratti dei suoi articoli tramite i feed RSS presenti sui suoi siti. In conformit\u00e0 con le disposizioni dell&#8217;articolo L. 122-4 del Codice della Propriet\u00e0 Intellettuale francese, \u00e8 vietata la riproduzione di tutto o parte del contenuto del sito, indipendentemente dalla sua forma (riproduzione, annidamento, distribuzione, tecniche di &#8220;inline linking&#8221; e &#8220;framing&#8221;, ecc.) Sono altres\u00ec vietati i link diretti a file scaricabili (in qualsiasi formato) dal nostro sito.   <\/p>\n<p>Se desideri creare un link al nostro sito, contatta AGENCE GENERALE BOVIS prima di creare il link al nostro sito o al suo contenuto.<\/p>\n<p>I testi provenienti da fonti esterne sono stati riprodotti con l&#8217;accordo implicito o esplicito dei rispettivi autori. A questo proposito, sul sito viene fatta menzione delle rispettive fonti e degli autori. <\/p>\n<h3>Stato dei link e dei contenuti<\/h3>\n<p><strong>Link esterni<\/strong><br \/>\nI link presenti sul sito (link diretti, permalink, link di partner, ecc.) reindirizzano l&#8217;utente a siti il cui contenuto \u00e8 di responsabilit\u00e0 degli editori di tali siti. In nessun caso l&#8217;AGENCE GENERALE BOVIS pu\u00f2 essere ritenuta responsabile del contenuto di tali siti. Poich\u00e9 attribuiamo particolare importanza alla legalit\u00e0 dei contenuti dei siti a cui puntano i nostri link, ti chiediamo gentilmente di informarci di qualsiasi contenuto che possa sembrarti illecito sui siti a cui sono stati creati i link.  <\/p>\n<p><strong>Contenuti<\/strong><br \/>\nI contenuti del sito pubblicato da AGENCE GENERALE BOVIS sono stati redatti con la massima cura. Pertanto, non contiene contenuti illeciti o diffamatori. Inoltre, non contiene alcun contenuto che possa essere considerato &#8220;pubblicit\u00e0 ingannevole&#8221; ai sensi degli articoli 121-1 e seguenti del Codice del Consumo francese.  <\/p>\n<h3>Pubblicit\u00e0 sui siti web<\/h3>\n<p>Sui nostri siti possono essere visualizzati annunci pubblicitari. Questi possono provenire da fonti esterne (piattaforme di gestione delle affiliazioni di terze parti, annunci di Google\u00ae, ecc. AGENCE GENERALE BOVIS non pu\u00f2 essere ritenuta responsabile della natura &#8220;ingannevole o aggressiva&#8221; degli annunci pubblicitari provenienti da fonti esterne.  <\/p>\n<p>Per quanto riguarda la pubblicit\u00e0 gestita da AGENCE GENERALE BOVIS, quest&#8217;ultima si riserva il diritto di non distribuire pubblicit\u00e0 manifestamente ingannevole ai sensi degli articoli 121-1 e seguenti del Codice del Consumo francese.<\/p>\n<h3>Tecnologia dell&#8217;informazione e libert\u00e0 civili<\/h3>\n<p>In conformit\u00e0 alla raccomandazione CNIL 2005-284, questo sito web non \u00e8 stato dichiarato come tale. Tuttavia, tutti i trattamenti di dati attuali o futuri relativi a questo sito sono stati o saranno dichiarati alla CNIL. <\/p>\n<p>I suddetti trattamenti sono conformi alla norma NS48 del 07\/06\/2005 emessa dalla Commission Nationale Informatique et Libert\u00e9s (CNIL).<\/p>\n<p>Ai sensi degli articoli 38 e 40 della legge 2004-801 del 06\/08\/2004, hai il diritto di accedere, rettificare e cancellare i dati che ti riguardano.<\/p>\n<p>Tale diritto pu\u00f2 essere esercitato online inviando un&#8217;e-mail a <a href=\"mailto:info@bovis-properties.com\">info@bovis-properties.com<\/a> o per posta al seguente indirizzo:<\/p>\n<p><strong>Indirizzi<\/strong>: Pl. Georges Cl\u00e9menceau, 06310 Beaulieu-sur-Mer \/ 1 Avenue Foch, 06310 BEAULIEU sur MER<br \/>\n<strong>Indirizzo e-mail<\/strong>: <a href=\"mailto:info@bovis-properties.com\">info@bovis-properties.com<\/a><br \/>\n<strong>Tel<\/strong>: <a href=\"tel:33(0)493010036\">+33 (0)4 93 01 00 36<\/a><\/p>\n<h3>Come esercitare il tuo diritto di accesso (questo diritto non pu\u00f2 essere esercitato in loco)<\/h3>\n<p>Prima di inviarti i dati personali, ti chiederemo di fornirci una prova della tua identit\u00e0. Se non sei in grado di dimostrare la tua identit\u00e0, ci riserviamo il diritto di rifiutare l&#8217;invio dei tuoi dati personali. <\/p>\n<p>Ai sensi del decreto 2007-451 del 25\/03\/2007, la tua richiesta sar\u00e0 evasa entro un massimo di 2 mesi, a condizione che non sia abusiva. Ti verr\u00e0 addebitato un costo forfettario che non potr\u00e0 superare il costo della riproduzione dei documenti. <\/p>\n<p>Per quanto riguarda i diritti di rettifica e cancellazione: i prerequisiti sono identici a quelli del diritto di accesso.<\/p>\n<h3>Diritto di replica sul sito web<\/h3>\n<p>Ai sensi dell&#8217;articolo 6 IV della legge n. 2004-575, qualsiasi persona fisica o giuridica nominata o designata sul nostro sito web ha il diritto di replica, fatte salve le richieste di correzione o cancellazione del messaggio, che pu\u00f2 inviare alla sede centrale dell&#8217;AGENCE GENERALE BOVIS.<\/p>\n<p>La richiesta di esercitare il diritto di replica, indirizzata al responsabile della pubblicazione, deve essere presentata al pi\u00f9 tardi entro tre mesi da quando il messaggio che giustifica la richiesta \u00e8 stato reso pubblico.<\/p>\n<h3>Contatto<\/h3>\n<p>Puoi contattarci all&#8217;indirizzo <a class=\"c-link\" href=\"mailto:info@bovis-properties.com\" target=\"_blank\" rel=\"noopener noreferrer\" data-stringify-link=\"mailto:info@bovis-properties.com\" data-sk=\"tooltip_parent\" aria-haspopup=\"menu\">info@bovis-properties.com<\/a> per qualsiasi richiesta di informazioni o per esercitare il tuo diritto di accesso. Puoi anche contattarci tramite la nostra pagina dei contatti. <\/p>\n","protected":false},"excerpt":{"rendered":"AGENCE GENERALE BOVIS Indirizzi: Pl. Georges Cl\u00e9menceau, 06310 Beaulieu-sur-Mer \/ 1 Avenue Foch, 06310 BEAULIEU sur MER Tel: +33 (0)4 93 01 00 36 Il sito \u00e8 stato creato da VCOMK, Agence Conseil en Communication \u00e0 Nice 5 Avenue Santa-Fior &#8211; 06100 Nice &#8211; www.vcomk.com Propriet\u00e0 intellettuale Tutti gli elementi che compongono lo scheletro del&#8230; <a class=\"view-article\" href=\"https:\/\/bovis-properties.e-vcomk.com\/it\/informazioni-legali\/\">Mostra articolo<\/a>","protected":false},"author":1,"featured_media":0,"parent":0,"menu_order":0,"comment_status":"closed","ping_status":"closed","template":"","meta":{"_acf_changed":false,"footnotes":""},"class_list":["post-5589","page","type-page","status-publish","hentry"],"acf":[],"yoast_head":"<!-- This site is optimized with the Yoast SEO plugin v27.6 - https:\/\/yoast.com\/product\/yoast-seo-wordpress\/ -->\n<title>Informazioni legali | La nostra agenzia immobiliare a Nizza<\/title>\n<meta name=\"description\" content=\"Consulta le note legali della nostra agenzia immobiliare a Nizza: informazioni sull&#039;editore del sito, sull&#039;hosting, sulla propriet\u00e0 intellettuale e sulle condizioni d&#039;uso.\" \/>\n<meta name=\"robots\" content=\"index, follow, max-snippet:-1, max-image-preview:large, max-video-preview:-1\" \/>\n<link rel=\"canonical\" href=\"https:\/\/bovis-properties.e-vcomk.com\/it\/informazioni-legali\/\" \/>\n<meta property=\"og:locale\" content=\"it_IT\" \/>\n<meta property=\"og:type\" content=\"article\" \/>\n<meta property=\"og:title\" content=\"Informazioni legali | La nostra agenzia immobiliare a Nizza\" \/>\n<meta property=\"og:description\" content=\"Consulta le note legali della nostra agenzia immobiliare a Nizza: informazioni sull&#039;editore del sito, sull&#039;hosting, sulla propriet\u00e0 intellettuale e sulle condizioni d&#039;uso.\" \/>\n<meta property=\"og:url\" content=\"https:\/\/bovis-properties.e-vcomk.com\/it\/informazioni-legali\/\" \/>\n<meta property=\"og:site_name\" content=\"Agence g\u00e9n\u00e9rale Bovis\" \/>\n<meta name=\"twitter:card\" content=\"summary_large_image\" \/>\n<meta name=\"twitter:label1\" content=\"Tempo di lettura stimato\" \/>\n\t<meta name=\"twitter:data1\" content=\"4 minuti\" \/>\n<script type=\"application\/ld+json\" class=\"yoast-schema-graph\">{\"@context\":\"https:\\\/\\\/schema.org\",\"@graph\":[{\"@type\":\"WebPage\",\"@id\":\"https:\\\/\\\/bovis-properties.e-vcomk.com\\\/it\\\/informazioni-legali\\\/\",\"url\":\"https:\\\/\\\/bovis-properties.e-vcomk.com\\\/it\\\/informazioni-legali\\\/\",\"name\":\"Informazioni legali | La nostra agenzia immobiliare a Nizza\",\"isPartOf\":{\"@id\":\"https:\\\/\\\/bovis-properties.e-vcomk.com\\\/it\\\/#website\"},\"datePublished\":\"2024-01-17T07:50:25+00:00\",\"description\":\"Consulta le note legali della nostra agenzia immobiliare a Nizza: informazioni sull'editore del sito, sull'hosting, sulla propriet\u00e0 intellettuale e sulle condizioni d'uso.\",\"breadcrumb\":{\"@id\":\"https:\\\/\\\/bovis-properties.e-vcomk.com\\\/it\\\/informazioni-legali\\\/#breadcrumb\"},\"inLanguage\":\"it-IT\",\"potentialAction\":[{\"@type\":\"ReadAction\",\"target\":[\"https:\\\/\\\/bovis-properties.e-vcomk.com\\\/it\\\/informazioni-legali\\\/\"]}]},{\"@type\":\"BreadcrumbList\",\"@id\":\"https:\\\/\\\/bovis-properties.e-vcomk.com\\\/it\\\/informazioni-legali\\\/#breadcrumb\",\"itemListElement\":[{\"@type\":\"ListItem\",\"position\":1,\"name\":\"Accueil\",\"item\":\"https:\\\/\\\/bovis-properties.e-vcomk.com\\\/it\\\/\"},{\"@type\":\"ListItem\",\"position\":2,\"name\":\"Informazioni legali\"}]},{\"@type\":\"WebSite\",\"@id\":\"https:\\\/\\\/bovis-properties.e-vcomk.com\\\/it\\\/#website\",\"url\":\"https:\\\/\\\/bovis-properties.e-vcomk.com\\\/it\\\/\",\"name\":\"Agence g\u00e9n\u00e9rale Bovis\",\"description\":\"\",\"potentialAction\":[{\"@type\":\"SearchAction\",\"target\":{\"@type\":\"EntryPoint\",\"urlTemplate\":\"https:\\\/\\\/bovis-properties.e-vcomk.com\\\/it\\\/?s={search_term_string}\"},\"query-input\":{\"@type\":\"PropertyValueSpecification\",\"valueRequired\":true,\"valueName\":\"search_term_string\"}}],\"inLanguage\":\"it-IT\"}]}<\/script>\n<!-- \/ Yoast SEO plugin. -->","yoast_head_json":{"title":"Informazioni legali | La nostra agenzia immobiliare a Nizza","description":"Consulta le note legali della nostra agenzia immobiliare a Nizza: informazioni sull'editore del sito, sull'hosting, sulla propriet\u00e0 intellettuale e sulle condizioni d'uso.","robots":{"index":"index","follow":"follow","max-snippet":"max-snippet:-1","max-image-preview":"max-image-preview:large","max-video-preview":"max-video-preview:-1"},"canonical":"https:\/\/bovis-properties.e-vcomk.com\/it\/informazioni-legali\/","og_locale":"it_IT","og_type":"article","og_title":"Informazioni legali | La nostra agenzia immobiliare a Nizza","og_description":"Consulta le note legali della nostra agenzia immobiliare a Nizza: informazioni sull'editore del sito, sull'hosting, sulla propriet\u00e0 intellettuale e sulle condizioni d'uso.","og_url":"https:\/\/bovis-properties.e-vcomk.com\/it\/informazioni-legali\/","og_site_name":"Agence g\u00e9n\u00e9rale Bovis","twitter_card":"summary_large_image","twitter_misc":{"Tempo di lettura stimato":"4 minuti"},"schema":{"@context":"https:\/\/schema.org","@graph":[{"@type":"WebPage","@id":"https:\/\/bovis-properties.e-vcomk.com\/it\/informazioni-legali\/","url":"https:\/\/bovis-properties.e-vcomk.com\/it\/informazioni-legali\/","name":"Informazioni legali | La nostra agenzia immobiliare a Nizza","isPartOf":{"@id":"https:\/\/bovis-properties.e-vcomk.com\/it\/#website"},"datePublished":"2024-01-17T07:50:25+00:00","description":"Consulta le note legali della nostra agenzia immobiliare a Nizza: informazioni sull'editore del sito, sull'hosting, sulla propriet\u00e0 intellettuale e sulle condizioni d'uso.","breadcrumb":{"@id":"https:\/\/bovis-properties.e-vcomk.com\/it\/informazioni-legali\/#breadcrumb"},"inLanguage":"it-IT","potentialAction":[{"@type":"ReadAction","target":["https:\/\/bovis-properties.e-vcomk.com\/it\/informazioni-legali\/"]}]},{"@type":"BreadcrumbList","@id":"https:\/\/bovis-properties.e-vcomk.com\/it\/informazioni-legali\/#breadcrumb","itemListElement":[{"@type":"ListItem","position":1,"name":"Accueil","item":"https:\/\/bovis-properties.e-vcomk.com\/it\/"},{"@type":"ListItem","position":2,"name":"Informazioni legali"}]},{"@type":"WebSite","@id":"https:\/\/bovis-properties.e-vcomk.com\/it\/#website","url":"https:\/\/bovis-properties.e-vcomk.com\/it\/","name":"Agence g\u00e9n\u00e9rale Bovis","description":"","potentialAction":[{"@type":"SearchAction","target":{"@type":"EntryPoint","urlTemplate":"https:\/\/bovis-properties.e-vcomk.com\/it\/?s={search_term_string}"},"query-input":{"@type":"PropertyValueSpecification","valueRequired":true,"valueName":"search_term_string"}}],"inLanguage":"it-IT"}]}},"_links":{"self":[{"href":"https:\/\/bovis-properties.e-vcomk.com\/it\/wp-json\/wp\/v2\/pages\/5589","targetHints":{"allow":["GET"]}}],"collection":[{"href":"https:\/\/bovis-properties.e-vcomk.com\/it\/wp-json\/wp\/v2\/pages"}],"about":[{"href":"https:\/\/bovis-properties.e-vcomk.com\/it\/wp-json\/wp\/v2\/types\/page"}],"author":[{"embeddable":true,"href":"https:\/\/bovis-properties.e-vcomk.com\/it\/wp-json\/wp\/v2\/users\/1"}],"replies":[{"embeddable":true,"href":"https:\/\/bovis-properties.e-vcomk.com\/it\/wp-json\/wp\/v2\/comments?post=5589"}],"version-history":[{"count":0,"href":"https:\/\/bovis-properties.e-vcomk.com\/it\/wp-json\/wp\/v2\/pages\/5589\/revisions"}],"wp:attachment":[{"href":"https:\/\/bovis-properties.e-vcomk.com\/it\/wp-json\/wp\/v2\/media?parent=5589"}],"curies":[{"name":"wp","href":"https:\/\/api.w.org\/{rel}","templated":true}]}}